{"id":8476,"date":"2017-12-22T16:17:55","date_gmt":"2017-12-22T15:17:55","guid":{"rendered":"https:\/\/www.armor-films.com\/mi-seleccion\/"},"modified":"2017-12-22T16:17:55","modified_gmt":"2017-12-22T15:17:55","slug":"mi-seleccion","status":"publish","type":"page","link":"https:\/\/www.armor-films.com\/es\/mi-seleccion\/","title":{"rendered":"Mi selecci\u00f3n"},"content":{"rendered":"<p style=\"text-align: center;\">Las pel\u00edculas que ha seleccionado del cat\u00e1logo de Armor Films se enumeran a continuaci\u00f3n.<\/p>\n<p style=\"text-align: center;\"><strong>P\u00f3ngase en contacto con nosotros para proceder con el pedido:<\/strong><br \/>\n09 50 23 81 24 \u2022 <a href=\"mailto:info@armor-films.com\">info@armor-films.com<\/a><br \/>\nM. Philippe Quinsac \u2022 06 60 58 41 44<\/p>\n","protected":false},"excerpt":{"rendered":"<p>Las pel\u00edculas que ha seleccionado del cat\u00e1logo de Armor Films se enumeran a continuaci\u00f3n. P\u00f3ngase en contacto con nosotros para proceder con el pedido: 09 50 23 81 24 \u2022 info@armor-films.com M. Philippe Quinsac \u2022 06 60 58 41 44<\/p>\n","protected":false},"author":1,"featured_media":0,"parent":0,"menu_order":0,"comment_status":"closed","ping_status":"closed","template":"views\/template-ma-selection.blade.php","meta":{"_acf_changed":false,"footnotes":""},"class_list":["post-8476","page","type-page","status-publish","hentry"],"acf":[],"_links":{"self":[{"href":"https:\/\/www.armor-films.com\/es\/wp-json\/wp\/v2\/pages\/8476","targetHints":{"allow":["GET"]}}],"collection":[{"href":"https:\/\/www.armor-films.com\/es\/wp-json\/wp\/v2\/pages"}],"about":[{"href":"https:\/\/www.armor-films.com\/es\/wp-json\/wp\/v2\/types\/page"}],"author":[{"embeddable":true,"href":"https:\/\/www.armor-films.com\/es\/wp-json\/wp\/v2\/users\/1"}],"replies":[{"embeddable":true,"href":"https:\/\/www.armor-films.com\/es\/wp-json\/wp\/v2\/comments?post=8476"}],"version-history":[{"count":0,"href":"https:\/\/www.armor-films.com\/es\/wp-json\/wp\/v2\/pages\/8476\/revisions"}],"wp:attachment":[{"href":"https:\/\/www.armor-films.com\/es\/wp-json\/wp\/v2\/media?parent=8476"}],"curies":[{"name":"wp","href":"https:\/\/api.w.org\/{rel}","templated":true}]}}